{"id":14,"date":"2016-05-05T13:27:13","date_gmt":"2016-05-05T10:27:13","guid":{"rendered":"http:\/\/duratechmed.com\/tr\/?page_id=14"},"modified":"2016-05-05T13:30:51","modified_gmt":"2016-05-05T10:30:51","slug":"hakkinda","status":"publish","type":"page","link":"http:\/\/duratechmed.com\/tr\/hakkinda\/","title":{"rendered":"Hakk\u00c4\u00b1nda"},"content":{"rendered":"<p>Yeni t\u00c4\u00b1bbi teknoloji anlamak ve Duratechmed s\u00c3\u00bcreci h\u00c4\u00b1zland\u00c4\u00b1rmak i\u00c3\u00a7in kurulmu\u00c5\u0178tur. Gen\u00c3\u00a7 nesil medikal teknoloji anlamaya kolay bulmak olsa da, ya\u00c5\u0178l\u00c4\u00b1 insanlar ile bu zor bir zaman var. Bu kaynaklar, terminoloji s\u00c3\u00b6zl\u00c3\u00bc\u00c4\u0178\u00c3\u00bc, Q &amp; A ve online yard\u00c4\u00b1m ile, bu d\u00c3\u00bcnyay\u00c4\u00b1 seyreden \u00c3\u00a7ok daha kolay hale gelir.<\/p>\n","protected":false},"excerpt":{"rendered":"<p>Yeni t\u00c4\u00b1bbi teknoloji anlamak ve Duratechmed s\u00c3\u00bcreci h\u00c4\u00b1zland\u00c4\u00b1rmak i\u00c3\u00a7in kurulmu\u00c5\u0178tur. Gen\u00c3\u00a7 nesil medikal teknoloji anlamaya kolay bulmak olsa da, ya\u00c5\u0178l\u00c4\u00b1 insanlar ile bu zor bir zaman var. Bu kaynaklar, terminoloji s\u00c3\u00b6zl\u00c3\u00bc\u00c4\u0178\u00c3\u00bc, Q &amp; A ve [&hellip;]<\/p>\n","protected":false},"author":1,"featured_media":0,"parent":0,"menu_order":0,"comment_status":"closed","ping_status":"closed","template":"","meta":{"footnotes":""},"class_list":["post-14","page","type-page","status-publish","hentry"],"_links":{"self":[{"href":"http:\/\/duratechmed.com\/tr\/wp-json\/wp\/v2\/pages\/14","targetHints":{"allow":["GET"]}}],"collection":[{"href":"http:\/\/duratechmed.com\/tr\/wp-json\/wp\/v2\/pages"}],"about":[{"href":"http:\/\/duratechmed.com\/tr\/wp-json\/wp\/v2\/types\/page"}],"author":[{"embeddable":true,"href":"http:\/\/duratechmed.com\/tr\/wp-json\/wp\/v2\/users\/1"}],"replies":[{"embeddable":true,"href":"http:\/\/duratechmed.com\/tr\/wp-json\/wp\/v2\/comments?post=14"}],"version-history":[{"count":3,"href":"http:\/\/duratechmed.com\/tr\/wp-json\/wp\/v2\/pages\/14\/revisions"}],"predecessor-version":[{"id":17,"href":"http:\/\/duratechmed.com\/tr\/wp-json\/wp\/v2\/pages\/14\/revisions\/17"}],"wp:attachment":[{"href":"http:\/\/duratechmed.com\/tr\/wp-json\/wp\/v2\/media?parent=14"}],"curies":[{"name":"wp","href":"https:\/\/api.w.org\/{rel}","templated":true}]}}